{"id":2018,"date":"2025-01-09T13:29:43","date_gmt":"2025-01-09T13:29:43","guid":{"rendered":"https:\/\/molokai-poke.ch\/?page_id=2018"},"modified":"2025-05-27T12:55:43","modified_gmt":"2025-05-27T12:55:43","slug":"contact-us","status":"publish","type":"page","link":"https:\/\/molokai-poke.ch\/en\/contact-us\/","title":{"rendered":"Contact us"},"content":{"rendered":"\t\t<div data-elementor-type=\"wp-page\" data-elementor-id=\"2018\" class=\"elementor elementor-2018 elementor-258\" data-elementor-post-type=\"page\">\n\t\t\t\t<div class=\"elementor-element elementor-element-516d36c e-flex e-con-boxed e-con e-parent\" data-id=\"516d36c\" data-element_type=\"container\" data-e-type=\"container\" data-settings=\"{&quot;background_background&quot;:&quot;classic&quot;}\">\n\t\t\t\t\t<div class=\"e-con-inner\">\n\t\t\t\t<div class=\"elementor-element elementor-element-3c2ea32 elementor-widget elementor-widget-heading\" data-id=\"3c2ea32\" data-element_type=\"widget\" data-e-type=\"widget\" data-widget_type=\"heading.default\">\n\t\t\t\t<div class=\"elementor-widget-container\">\n\t\t\t\t\t<h2 class=\"elementor-heading-title elementor-size-default\">CONTACT US<\/h2>\t\t\t\t<\/div>\n\t\t\t\t<\/div>\n\t\t\t\t\t<\/div>\n\t\t\t\t<\/div>\n\t\t<div class=\"elementor-element elementor-element-a35a869 e-flex e-con-boxed e-con e-parent\" data-id=\"a35a869\" data-element_type=\"container\" data-e-type=\"container\" data-settings=\"{&quot;background_background&quot;:&quot;classic&quot;}\">\n\t\t\t\t\t<div class=\"e-con-inner\">\n\t\t<div class=\"elementor-element elementor-element-1c30c5b e-con-full e-flex e-con e-child\" data-id=\"1c30c5b\" data-element_type=\"container\" data-e-type=\"container\">\n\t\t<div class=\"elementor-element elementor-element-00be188 e-con-full e-flex e-con e-child\" data-id=\"00be188\" data-element_type=\"container\" data-e-type=\"container\" data-settings=\"{&quot;background_background&quot;:&quot;classic&quot;}\">\n\t\t\t\t<div class=\"elementor-element elementor-element-ee234b0 elementor-absolute elementor-widget elementor-widget-image\" data-id=\"ee234b0\" data-element_type=\"widget\" data-e-type=\"widget\" data-settings=\"{&quot;_position&quot;:&quot;absolute&quot;}\" data-widget_type=\"image.default\">\n\t\t\t\t<div class=\"elementor-widget-container\">\n\t\t\t\t\t\t\t\t\t\t\t\t\t\t\t<img decoding=\"async\" width=\"54\" height=\"238\" src=\"https:\/\/molokai-poke.ch\/wp-content\/uploads\/2025\/01\/Groupe-de-masques-12.svg\" class=\"attachment-large size-large wp-image-1824\" alt=\"\" \/>\t\t\t\t\t\t\t\t\t\t\t\t\t\t\t<\/div>\n\t\t\t\t<\/div>\n\t\t\t\t<div class=\"elementor-element elementor-element-086606c elementor-widget elementor-widget-heading\" data-id=\"086606c\" data-element_type=\"widget\" data-e-type=\"widget\" data-widget_type=\"heading.default\">\n\t\t\t\t<div class=\"elementor-widget-container\">\n\t\t\t\t\t<h2 class=\"elementor-heading-title elementor-size-default\">We're Here for You<\/h2>\t\t\t\t<\/div>\n\t\t\t\t<\/div>\n\t\t\t\t<div class=\"elementor-element elementor-element-2e198db elementor-widget elementor-widget-text-editor\" data-id=\"2e198db\" data-element_type=\"widget\" data-e-type=\"widget\" data-widget_type=\"text-editor.default\">\n\t\t\t\t<div class=\"elementor-widget-container\">\n\t\t\t\t\t\t\t\t\t<p>Have a question or a specific request? Feel free to fill out the form below.<\/p><p>Our team will be happy to get back to you as soon as possible.<\/p>\t\t\t\t\t\t\t\t<\/div>\n\t\t\t\t<\/div>\n\t\t\t\t<\/div>\n\t\t<div class=\"elementor-element elementor-element-2bd27ae e-con-full e-flex e-con e-child\" data-id=\"2bd27ae\" data-element_type=\"container\" data-e-type=\"container\" data-settings=\"{&quot;background_background&quot;:&quot;classic&quot;}\">\n\t\t\t\t<div class=\"elementor-element elementor-element-505b819 elementor-button-align-stretch elementor-widget elementor-widget-form\" data-id=\"505b819\" data-element_type=\"widget\" data-e-type=\"widget\" data-settings=\"{&quot;step_next_label&quot;:&quot;Suivant&quot;,&quot;step_previous_label&quot;:&quot;Pr\\u00e9c\\u00e9dent&quot;,&quot;button_width&quot;:&quot;100&quot;,&quot;step_type&quot;:&quot;number_text&quot;,&quot;step_icon_shape&quot;:&quot;circle&quot;}\" data-widget_type=\"form.default\">\n\t\t\t\t<div class=\"elementor-widget-container\">\n\t\t\t\t\t\t\t<form class=\"elementor-form\" method=\"post\" name=\"Nouveau formulaire\" aria-label=\"Nouveau formulaire\">\n\t\t\t<input type=\"hidden\" name=\"post_id\" value=\"2018\"\/>\n\t\t\t<input type=\"hidden\" name=\"form_id\" value=\"505b819\"\/>\n\t\t\t<input type=\"hidden\" name=\"referer_title\" value=\"Contact us - MOLOKAI | Restaurant Poke Bowl \u00e0 Gen\u00e8ve\" \/>\n\n\t\t\t\t\t\t\t<input type=\"hidden\" name=\"queried_id\" value=\"2018\"\/>\n\t\t\t\n\t\t\t<div class=\"elementor-form-fields-wrapper elementor-labels-\">\n\t\t\t\t\t\t\t\t<div class=\"elementor-field-type-text elementor-field-group elementor-column elementor-field-group-name elementor-col-50\">\n\t\t\t\t\t\t\t\t\t\t\t\t<label for=\"form-field-name\" class=\"elementor-field-label elementor-screen-only\">\n\t\t\t\t\t\t\t\tLastname\t\t\t\t\t\t\t<\/label>\n\t\t\t\t\t\t\t\t\t\t\t\t\t\t<input size=\"1\" type=\"text\" name=\"form_fields[name]\" id=\"form-field-name\" class=\"elementor-field elementor-size-sm  elementor-field-textual\" placeholder=\"Lastname\">\n\t\t\t\t\t\t\t\t\t\t\t<\/div>\n\t\t\t\t\t\t\t\t<div class=\"elementor-field-type-text elementor-field-group elementor-column elementor-field-group-field_1c97a27 elementor-col-50\">\n\t\t\t\t\t\t\t\t\t\t\t\t<label for=\"form-field-field_1c97a27\" class=\"elementor-field-label elementor-screen-only\">\n\t\t\t\t\t\t\t\tFirstname\t\t\t\t\t\t\t<\/label>\n\t\t\t\t\t\t\t\t\t\t\t\t\t\t<input size=\"1\" type=\"text\" name=\"form_fields[field_1c97a27]\" id=\"form-field-field_1c97a27\" class=\"elementor-field elementor-size-sm  elementor-field-textual\" placeholder=\"Firstname\">\n\t\t\t\t\t\t\t\t\t\t\t<\/div>\n\t\t\t\t\t\t\t\t<div class=\"elementor-field-type-email elementor-field-group elementor-column elementor-field-group-email elementor-col-50 elementor-field-required\">\n\t\t\t\t\t\t\t\t\t\t\t\t<label for=\"form-field-email\" class=\"elementor-field-label elementor-screen-only\">\n\t\t\t\t\t\t\t\tE-mail\t\t\t\t\t\t\t<\/label>\n\t\t\t\t\t\t\t\t\t\t\t\t\t\t<input size=\"1\" type=\"email\" name=\"form_fields[email]\" id=\"form-field-email\" class=\"elementor-field elementor-size-sm  elementor-field-textual\" placeholder=\"E-mail\" required=\"required\">\n\t\t\t\t\t\t\t\t\t\t\t<\/div>\n\t\t\t\t\t\t\t\t<div class=\"elementor-field-type-text elementor-field-group elementor-column elementor-field-group-field_ea380d3 elementor-col-50 elementor-field-required\">\n\t\t\t\t\t\t\t\t\t\t\t\t<label for=\"form-field-field_ea380d3\" class=\"elementor-field-label elementor-screen-only\">\n\t\t\t\t\t\t\t\tPhone\t\t\t\t\t\t\t<\/label>\n\t\t\t\t\t\t\t\t\t\t\t\t\t\t<input size=\"1\" type=\"text\" name=\"form_fields[field_ea380d3]\" id=\"form-field-field_ea380d3\" class=\"elementor-field elementor-size-sm  elementor-field-textual\" placeholder=\"Phone\" required=\"required\">\n\t\t\t\t\t\t\t\t\t\t\t<\/div>\n\t\t\t\t\t\t\t\t<div class=\"elementor-field-type-select elementor-field-group elementor-column elementor-field-group-field_b81e5f8 elementor-col-100 elementor-field-required\">\n\t\t\t\t\t\t\t\t\t\t\t\t<label for=\"form-field-field_b81e5f8\" class=\"elementor-field-label elementor-screen-only\">\n\t\t\t\t\t\t\t\tSubject of your request\t\t\t\t\t\t\t<\/label>\n\t\t\t\t\t\t\t\t<div class=\"elementor-field elementor-select-wrapper remove-before \">\n\t\t\t<div class=\"select-caret-down-wrapper\">\n\t\t\t\t<svg aria-hidden=\"true\" class=\"e-font-icon-svg e-eicon-caret-down\" viewBox=\"0 0 571.4 571.4\" xmlns=\"http:\/\/www.w3.org\/2000\/svg\"><path d=\"M571 393Q571 407 561 418L311 668Q300 679 286 679T261 668L11 418Q0 407 0 393T11 368 36 357H536Q550 357 561 368T571 393Z\"><\/path><\/svg>\t\t\t<\/div>\n\t\t\t<select name=\"form_fields[field_b81e5f8]\" id=\"form-field-field_b81e5f8\" class=\"elementor-field-textual elementor-size-sm\" required=\"required\">\n\t\t\t\t\t\t\t\t\t<option value=\"General Information\">General Information<\/option>\n\t\t\t\t\t\t\t\t\t<option value=\"Franchise\">Franchise<\/option>\n\t\t\t\t\t\t\t\t\t<option value=\"Spontaneous Application\">Spontaneous Application<\/option>\n\t\t\t\t\t\t\t<\/select>\n\t\t<\/div>\n\t\t\t\t\t\t<\/div>\n\t\t\t\t\t\t\t\t<div class=\"elementor-field-type-textarea elementor-field-group elementor-column elementor-field-group-message elementor-col-100\">\n\t\t\t\t\t\t\t\t\t\t\t\t<label for=\"form-field-message\" class=\"elementor-field-label elementor-screen-only\">\n\t\t\t\t\t\t\t\tMessage\t\t\t\t\t\t\t<\/label>\n\t\t\t\t\t\t<textarea class=\"elementor-field-textual elementor-field  elementor-size-sm\" name=\"form_fields[message]\" id=\"form-field-message\" rows=\"4\" placeholder=\"Message\"><\/textarea>\t\t\t\t<\/div>\n\t\t\t\t\t\t\t\t<div class=\"elementor-field-type-recaptcha_v3 elementor-field-group elementor-column elementor-field-group-field_40ec987 elementor-col-100 recaptcha_v3-inline\">\n\t\t\t\t\t<div class=\"elementor-field\" id=\"form-field-field_40ec987\"><div class=\"elementor-g-recaptcha\" data-sitekey=\"6Lf6ISMrAAAAAP5B1fOw7fj1TbpBV7fbd94uodlL\" data-type=\"v3\" data-action=\"Form\" data-badge=\"inline\" data-size=\"invisible\"><\/div><\/div>\t\t\t\t<\/div>\n\t\t\t\t\t\t\t\t<div class=\"elementor-field-group elementor-column elementor-field-type-submit elementor-col-100 e-form__buttons\">\n\t\t\t\t\t<button class=\"elementor-button elementor-size-sm\" type=\"submit\">\n\t\t\t\t\t\t<span class=\"elementor-button-content-wrapper\">\n\t\t\t\t\t\t\t\t\t\t\t\t\t\t\t\t\t\t\t\t\t\t<span class=\"elementor-button-text\">Send<\/span>\n\t\t\t\t\t\t\t\t\t\t\t\t\t<\/span>\n\t\t\t\t\t<\/button>\n\t\t\t\t<\/div>\n\t\t\t<\/div>\n\t\t<\/form>\n\t\t\t\t\t\t<\/div>\n\t\t\t\t<\/div>\n\t\t\t\t<\/div>\n\t\t\t\t<\/div>\n\t\t\t\t\t<\/div>\n\t\t\t\t<\/div>\n\t\t<div class=\"elementor-element elementor-element-0709a9b e-flex e-con-boxed e-con e-parent\" data-id=\"0709a9b\" data-element_type=\"container\" data-e-type=\"container\">\n\t\t\t\t\t<div class=\"e-con-inner\">\n\t\t<div class=\"elementor-element elementor-element-aac9345 e-con-full e-flex e-con e-child\" data-id=\"aac9345\" data-element_type=\"container\" data-e-type=\"container\">\n\t\t\t\t<div class=\"elementor-element elementor-element-8dcd9f8 elementor-view-default elementor-position-block-start elementor-mobile-position-block-start elementor-widget elementor-widget-icon-box\" data-id=\"8dcd9f8\" data-element_type=\"widget\" data-e-type=\"widget\" data-widget_type=\"icon-box.default\">\n\t\t\t\t<div class=\"elementor-widget-container\">\n\t\t\t\t\t\t\t<div class=\"elementor-icon-box-wrapper\">\n\n\t\t\t\t\t\t<div class=\"elementor-icon-box-icon\">\n\t\t\t\t<span  class=\"elementor-icon\">\n\t\t\t\t<svg aria-hidden=\"true\" class=\"e-font-icon-svg e-fas-phone-alt\" viewBox=\"0 0 512 512\" xmlns=\"http:\/\/www.w3.org\/2000\/svg\"><path d=\"M497.39 361.8l-112-48a24 24 0 0 0-28 6.9l-49.6 60.6A370.66 370.66 0 0 1 130.6 204.11l60.6-49.6a23.94 23.94 0 0 0 6.9-28l-48-112A24.16 24.16 0 0 0 122.6.61l-104 24A24 24 0 0 0 0 48c0 256.5 207.9 464 464 464a24 24 0 0 0 23.4-18.6l24-104a24.29 24.29 0 0 0-14.01-27.6z\"><\/path><\/svg>\t\t\t\t<\/span>\n\t\t\t<\/div>\n\t\t\t\n\t\t\t\t\t\t<div class=\"elementor-icon-box-content\">\n\n\t\t\t\t\t\t\t\t\t<h3 class=\"elementor-icon-box-title\">\n\t\t\t\t\t\t<span  >\n\t\t\t\t\t\t\tCall us\t\t\t\t\t\t<\/span>\n\t\t\t\t\t<\/h3>\n\t\t\t\t\n\t\t\t\t\t\t\t\t\t<p class=\"elementor-icon-box-description\">\n\t\t\t\t\t\t+41(0)22 700 20 00\t\t\t\t\t<\/p>\n\t\t\t\t\n\t\t\t<\/div>\n\t\t\t\n\t\t<\/div>\n\t\t\t\t\t\t<\/div>\n\t\t\t\t<\/div>\n\t\t\t\t<\/div>\n\t\t<div class=\"elementor-element elementor-element-7e124de e-con-full e-flex e-con e-child\" data-id=\"7e124de\" data-element_type=\"container\" data-e-type=\"container\">\n\t\t\t\t<div class=\"elementor-element elementor-element-1d36814 elementor-view-default elementor-position-block-start elementor-mobile-position-block-start elementor-widget elementor-widget-icon-box\" data-id=\"1d36814\" data-element_type=\"widget\" data-e-type=\"widget\" data-widget_type=\"icon-box.default\">\n\t\t\t\t<div class=\"elementor-widget-container\">\n\t\t\t\t\t\t\t<div class=\"elementor-icon-box-wrapper\">\n\n\t\t\t\t\t\t<div class=\"elementor-icon-box-icon\">\n\t\t\t\t<span  class=\"elementor-icon\">\n\t\t\t\t<i aria-hidden=\"true\" class=\"icon icon-map-marker1\"><\/i>\t\t\t\t<\/span>\n\t\t\t<\/div>\n\t\t\t\n\t\t\t\t\t\t<div class=\"elementor-icon-box-content\">\n\n\t\t\t\t\t\t\t\t\t<h3 class=\"elementor-icon-box-title\">\n\t\t\t\t\t\t<span  >\n\t\t\t\t\t\t\tFind us\t\t\t\t\t\t<\/span>\n\t\t\t\t\t<\/h3>\n\t\t\t\t\n\t\t\t\t\t\t\t\t\t<p class=\"elementor-icon-box-description\">\n\t\t\t\t\t\t67 Rue du Rh\u00f4ne, 1207 Gen\u00e8ve<br \/>\n6 Places de Grenus, 1201 Gen\u00e8ve\t\t\t\t\t<\/p>\n\t\t\t\t\n\t\t\t<\/div>\n\t\t\t\n\t\t<\/div>\n\t\t\t\t\t\t<\/div>\n\t\t\t\t<\/div>\n\t\t\t\t<\/div>\n\t\t<div class=\"elementor-element elementor-element-210034d e-con-full e-flex e-con e-child\" data-id=\"210034d\" data-element_type=\"container\" data-e-type=\"container\">\n\t\t\t\t<div class=\"elementor-element elementor-element-b4846f5 elementor-view-default elementor-position-block-start elementor-mobile-position-block-start elementor-widget elementor-widget-icon-box\" data-id=\"b4846f5\" data-element_type=\"widget\" data-e-type=\"widget\" data-widget_type=\"icon-box.default\">\n\t\t\t\t<div class=\"elementor-widget-container\">\n\t\t\t\t\t\t\t<div class=\"elementor-icon-box-wrapper\">\n\n\t\t\t\t\t\t<div class=\"elementor-icon-box-icon\">\n\t\t\t\t<span  class=\"elementor-icon\">\n\t\t\t\t<svg aria-hidden=\"true\" class=\"e-font-icon-svg e-far-envelope\" viewBox=\"0 0 512 512\" xmlns=\"http:\/\/www.w3.org\/2000\/svg\"><path d=\"M464 64H48C21.49 64 0 85.49 0 112v288c0 26.51 21.49 48 48 48h416c26.51 0 48-21.49 48-48V112c0-26.51-21.49-48-48-48zm0 48v40.805c-22.422 18.259-58.168 46.651-134.587 106.49-16.841 13.247-50.201 45.072-73.413 44.701-23.208.375-56.579-31.459-73.413-44.701C106.18 199.465 70.425 171.067 48 152.805V112h416zM48 400V214.398c22.914 18.251 55.409 43.862 104.938 82.646 21.857 17.205 60.134 55.186 103.062 54.955 42.717.231 80.509-37.199 103.053-54.947 49.528-38.783 82.032-64.401 104.947-82.653V400H48z\"><\/path><\/svg>\t\t\t\t<\/span>\n\t\t\t<\/div>\n\t\t\t\n\t\t\t\t\t\t<div class=\"elementor-icon-box-content\">\n\n\t\t\t\t\t\t\t\t\t<h3 class=\"elementor-icon-box-title\">\n\t\t\t\t\t\t<span  >\n\t\t\t\t\t\t\tWrite us\t\t\t\t\t\t<\/span>\n\t\t\t\t\t<\/h3>\n\t\t\t\t\n\t\t\t\t\t\t\t\t\t<p class=\"elementor-icon-box-description\">\n\t\t\t\t\t\taloha@molokai-poke.ch\t\t\t\t\t<\/p>\n\t\t\t\t\n\t\t\t<\/div>\n\t\t\t\n\t\t<\/div>\n\t\t\t\t\t\t<\/div>\n\t\t\t\t<\/div>\n\t\t\t\t<\/div>\n\t\t\t\t\t<\/div>\n\t\t\t\t<\/div>\n\t\t\t\t<\/div>\n\t\t","protected":false},"excerpt":{"rendered":"<p>CONTACT US We&#8217;re Here for You Have a question or a specific request? Feel free to fill out the form below. Our team will be happy to get back to you as soon as possible. Call us +41(0)22 700 20 00 Find us 67 Rue du Rh\u00f4ne, 1207 Gen\u00e8ve 6 Places de Grenus, 1201 Gen\u00e8ve [&hellip;]<\/p>\n","protected":false},"author":1,"featured_media":0,"parent":0,"menu_order":0,"comment_status":"closed","ping_status":"closed","template":"","meta":{"_acf_changed":false,"footnotes":""},"class_list":["post-2018","page","type-page","status-publish","hentry"],"acf":[],"yoast_head":"<!-- This site is optimized with the Yoast SEO plugin v27.4 - https:\/\/yoast.com\/product\/yoast-seo-wordpress\/ -->\n<title>Contact us - MOLOKAI | Restaurant Poke Bowl \u00e0 Gen\u00e8ve<\/title>\n<meta name=\"robots\" content=\"index, follow, max-snippet:-1, max-image-preview:large, max-video-preview:-1\" \/>\n<link rel=\"canonical\" href=\"https:\/\/molokai-poke.ch\/contactez-nous\/\" \/>\n<meta property=\"og:locale\" content=\"en_US\" \/>\n<meta property=\"og:type\" content=\"article\" \/>\n<meta property=\"og:title\" content=\"Contact us - MOLOKAI | Restaurant Poke Bowl \u00e0 Gen\u00e8ve\" \/>\n<meta property=\"og:description\" content=\"CONTACT US We&#8217;re Here for You Have a question or a specific request? Feel free to fill out the form below. Our team will be happy to get back to you as soon as possible. Call us +41(0)22 700 20 00 Find us 67 Rue du Rh\u00f4ne, 1207 Gen\u00e8ve 6 Places de Grenus, 1201 Gen\u00e8ve [&hellip;]\" \/>\n<meta property=\"og:url\" content=\"https:\/\/molokai-poke.ch\/contactez-nous\/\" \/>\n<meta property=\"og:site_name\" content=\"MOLOKAI | Restaurant Poke Bowl \u00e0 Gen\u00e8ve\" \/>\n<meta property=\"article:modified_time\" content=\"2025-05-27T12:55:43+00:00\" \/>\n<meta name=\"twitter:card\" content=\"summary_large_image\" \/>\n<meta name=\"twitter:label1\" content=\"Est. reading time\" \/>\n\t<meta name=\"twitter:data1\" content=\"1 minute\" \/>\n<script type=\"application\/ld+json\" class=\"yoast-schema-graph\">{\"@context\":\"https:\\\/\\\/schema.org\",\"@graph\":[{\"@type\":\"WebPage\",\"@id\":\"https:\\\/\\\/molokai-poke.ch\\\/contactez-nous\\\/\",\"url\":\"https:\\\/\\\/molokai-poke.ch\\\/contactez-nous\\\/\",\"name\":\"Contact us - MOLOKAI | Restaurant Poke Bowl \u00e0 Gen\u00e8ve\",\"isPartOf\":{\"@id\":\"https:\\\/\\\/molokai-poke.ch\\\/#website\"},\"primaryImageOfPage\":{\"@id\":\"https:\\\/\\\/molokai-poke.ch\\\/contactez-nous\\\/#primaryimage\"},\"image\":{\"@id\":\"https:\\\/\\\/molokai-poke.ch\\\/contactez-nous\\\/#primaryimage\"},\"thumbnailUrl\":\"https:\\\/\\\/molokai-poke.ch\\\/wp-content\\\/uploads\\\/2025\\\/01\\\/Groupe-de-masques-12.svg\",\"datePublished\":\"2025-01-09T13:29:43+00:00\",\"dateModified\":\"2025-05-27T12:55:43+00:00\",\"breadcrumb\":{\"@id\":\"https:\\\/\\\/molokai-poke.ch\\\/contactez-nous\\\/#breadcrumb\"},\"inLanguage\":\"en-US\",\"potentialAction\":[{\"@type\":\"ReadAction\",\"target\":[\"https:\\\/\\\/molokai-poke.ch\\\/contactez-nous\\\/\"]}]},{\"@type\":\"ImageObject\",\"inLanguage\":\"en-US\",\"@id\":\"https:\\\/\\\/molokai-poke.ch\\\/contactez-nous\\\/#primaryimage\",\"url\":\"https:\\\/\\\/molokai-poke.ch\\\/wp-content\\\/uploads\\\/2025\\\/01\\\/Groupe-de-masques-12.svg\",\"contentUrl\":\"https:\\\/\\\/molokai-poke.ch\\\/wp-content\\\/uploads\\\/2025\\\/01\\\/Groupe-de-masques-12.svg\"},{\"@type\":\"BreadcrumbList\",\"@id\":\"https:\\\/\\\/molokai-poke.ch\\\/contactez-nous\\\/#breadcrumb\",\"itemListElement\":[{\"@type\":\"ListItem\",\"position\":1,\"name\":\"Accueil\",\"item\":\"https:\\\/\\\/molokai-poke.ch\\\/\"},{\"@type\":\"ListItem\",\"position\":2,\"name\":\"Contact us\"}]},{\"@type\":\"WebSite\",\"@id\":\"https:\\\/\\\/molokai-poke.ch\\\/#website\",\"url\":\"https:\\\/\\\/molokai-poke.ch\\\/\",\"name\":\"Molokai\",\"description\":\"\",\"publisher\":{\"@id\":\"https:\\\/\\\/molokai-poke.ch\\\/#organization\"},\"potentialAction\":[{\"@type\":\"SearchAction\",\"target\":{\"@type\":\"EntryPoint\",\"urlTemplate\":\"https:\\\/\\\/molokai-poke.ch\\\/?s={search_term_string}\"},\"query-input\":{\"@type\":\"PropertyValueSpecification\",\"valueRequired\":true,\"valueName\":\"search_term_string\"}}],\"inLanguage\":\"en-US\"},{\"@type\":\"Organization\",\"@id\":\"https:\\\/\\\/molokai-poke.ch\\\/#organization\",\"name\":\"Molokai\",\"url\":\"https:\\\/\\\/molokai-poke.ch\\\/\",\"logo\":{\"@type\":\"ImageObject\",\"inLanguage\":\"en-US\",\"@id\":\"https:\\\/\\\/molokai-poke.ch\\\/#\\\/schema\\\/logo\\\/image\\\/\",\"url\":\"https:\\\/\\\/molokai-poke.ch\\\/wp-content\\\/uploads\\\/2025\\\/01\\\/logo_molokai_colored.svg\",\"contentUrl\":\"https:\\\/\\\/molokai-poke.ch\\\/wp-content\\\/uploads\\\/2025\\\/01\\\/logo_molokai_colored.svg\",\"width\":85,\"height\":80,\"caption\":\"Molokai\"},\"image\":{\"@id\":\"https:\\\/\\\/molokai-poke.ch\\\/#\\\/schema\\\/logo\\\/image\\\/\"},\"sameAs\":[\"https:\\\/\\\/www.instagram.com\\\/molokai_poke\\\/?hl=en\"]}]}<\/script>\n<!-- \/ Yoast SEO plugin. -->","yoast_head_json":{"title":"Contact us - MOLOKAI | Restaurant Poke Bowl \u00e0 Gen\u00e8ve","robots":{"index":"index","follow":"follow","max-snippet":"max-snippet:-1","max-image-preview":"max-image-preview:large","max-video-preview":"max-video-preview:-1"},"canonical":"https:\/\/molokai-poke.ch\/contactez-nous\/","og_locale":"en_US","og_type":"article","og_title":"Contact us - MOLOKAI | Restaurant Poke Bowl \u00e0 Gen\u00e8ve","og_description":"CONTACT US We&#8217;re Here for You Have a question or a specific request? Feel free to fill out the form below. Our team will be happy to get back to you as soon as possible. Call us +41(0)22 700 20 00 Find us 67 Rue du Rh\u00f4ne, 1207 Gen\u00e8ve 6 Places de Grenus, 1201 Gen\u00e8ve [&hellip;]","og_url":"https:\/\/molokai-poke.ch\/contactez-nous\/","og_site_name":"MOLOKAI | Restaurant Poke Bowl \u00e0 Gen\u00e8ve","article_modified_time":"2025-05-27T12:55:43+00:00","twitter_card":"summary_large_image","twitter_misc":{"Est. reading time":"1 minute"},"schema":{"@context":"https:\/\/schema.org","@graph":[{"@type":"WebPage","@id":"https:\/\/molokai-poke.ch\/contactez-nous\/","url":"https:\/\/molokai-poke.ch\/contactez-nous\/","name":"Contact us - MOLOKAI | Restaurant Poke Bowl \u00e0 Gen\u00e8ve","isPartOf":{"@id":"https:\/\/molokai-poke.ch\/#website"},"primaryImageOfPage":{"@id":"https:\/\/molokai-poke.ch\/contactez-nous\/#primaryimage"},"image":{"@id":"https:\/\/molokai-poke.ch\/contactez-nous\/#primaryimage"},"thumbnailUrl":"https:\/\/molokai-poke.ch\/wp-content\/uploads\/2025\/01\/Groupe-de-masques-12.svg","datePublished":"2025-01-09T13:29:43+00:00","dateModified":"2025-05-27T12:55:43+00:00","breadcrumb":{"@id":"https:\/\/molokai-poke.ch\/contactez-nous\/#breadcrumb"},"inLanguage":"en-US","potentialAction":[{"@type":"ReadAction","target":["https:\/\/molokai-poke.ch\/contactez-nous\/"]}]},{"@type":"ImageObject","inLanguage":"en-US","@id":"https:\/\/molokai-poke.ch\/contactez-nous\/#primaryimage","url":"https:\/\/molokai-poke.ch\/wp-content\/uploads\/2025\/01\/Groupe-de-masques-12.svg","contentUrl":"https:\/\/molokai-poke.ch\/wp-content\/uploads\/2025\/01\/Groupe-de-masques-12.svg"},{"@type":"BreadcrumbList","@id":"https:\/\/molokai-poke.ch\/contactez-nous\/#breadcrumb","itemListElement":[{"@type":"ListItem","position":1,"name":"Accueil","item":"https:\/\/molokai-poke.ch\/"},{"@type":"ListItem","position":2,"name":"Contact us"}]},{"@type":"WebSite","@id":"https:\/\/molokai-poke.ch\/#website","url":"https:\/\/molokai-poke.ch\/","name":"Molokai","description":"","publisher":{"@id":"https:\/\/molokai-poke.ch\/#organization"},"potentialAction":[{"@type":"SearchAction","target":{"@type":"EntryPoint","urlTemplate":"https:\/\/molokai-poke.ch\/?s={search_term_string}"},"query-input":{"@type":"PropertyValueSpecification","valueRequired":true,"valueName":"search_term_string"}}],"inLanguage":"en-US"},{"@type":"Organization","@id":"https:\/\/molokai-poke.ch\/#organization","name":"Molokai","url":"https:\/\/molokai-poke.ch\/","logo":{"@type":"ImageObject","inLanguage":"en-US","@id":"https:\/\/molokai-poke.ch\/#\/schema\/logo\/image\/","url":"https:\/\/molokai-poke.ch\/wp-content\/uploads\/2025\/01\/logo_molokai_colored.svg","contentUrl":"https:\/\/molokai-poke.ch\/wp-content\/uploads\/2025\/01\/logo_molokai_colored.svg","width":85,"height":80,"caption":"Molokai"},"image":{"@id":"https:\/\/molokai-poke.ch\/#\/schema\/logo\/image\/"},"sameAs":["https:\/\/www.instagram.com\/molokai_poke\/?hl=en"]}]}},"_links":{"self":[{"href":"https:\/\/molokai-poke.ch\/en\/wp-json\/wp\/v2\/pages\/2018","targetHints":{"allow":["GET"]}}],"collection":[{"href":"https:\/\/molokai-poke.ch\/en\/wp-json\/wp\/v2\/pages"}],"about":[{"href":"https:\/\/molokai-poke.ch\/en\/wp-json\/wp\/v2\/types\/page"}],"author":[{"embeddable":true,"href":"https:\/\/molokai-poke.ch\/en\/wp-json\/wp\/v2\/users\/1"}],"replies":[{"embeddable":true,"href":"https:\/\/molokai-poke.ch\/en\/wp-json\/wp\/v2\/comments?post=2018"}],"version-history":[{"count":7,"href":"https:\/\/molokai-poke.ch\/en\/wp-json\/wp\/v2\/pages\/2018\/revisions"}],"predecessor-version":[{"id":2254,"href":"https:\/\/molokai-poke.ch\/en\/wp-json\/wp\/v2\/pages\/2018\/revisions\/2254"}],"wp:attachment":[{"href":"https:\/\/molokai-poke.ch\/en\/wp-json\/wp\/v2\/media?parent=2018"}],"curies":[{"name":"wp","href":"https:\/\/api.w.org\/{rel}","templated":true}]}}